{"id":562,"date":"2025-10-14T10:53:05","date_gmt":"2025-10-14T08:53:05","guid":{"rendered":"http:\/\/www.fritidsforeningen.dk\/?page_id=562"},"modified":"2025-10-14T10:53:05","modified_gmt":"2025-10-14T08:53:05","slug":"om-denne-webside","status":"publish","type":"page","link":"http:\/\/www.fritidsforeningen.dk\/?page_id=562","title":{"rendered":"Om denne webside"},"content":{"rendered":"\n<p>Siden drives og vedligeholdes privat af\u00a0<strong>Torben Andersen<\/strong>\u00a0og\u00a0<strong>Ren\u00e9 Christensen<\/strong>.<br>Den er\u00a0<strong>ikke en del af AB Gr\u00f8ndalsv\u00e6nge<\/strong>\u00a0\u2013 hverken administrativt eller finansielt \u2013 men har\u00a0<strong>altid v\u00e6ret et privat initiativ<\/strong>. Form\u00e5let er at bevare og formidle historien om Fritidsforeningen og dens aktiviteter gennem \u00e5rene.<\/p>\n","protected":false},"excerpt":{"rendered":"<p>Siden drives og vedligeholdes privat af\u00a0Torben Andersen\u00a0og\u00a0Ren\u00e9 Christensen.Den er\u00a0ikke en del af AB Gr\u00f8ndalsv\u00e6nge\u00a0\u2013 hverken administrativt eller finansielt \u2013 men har\u00a0altid v\u00e6ret et privat initiativ. Form\u00e5let er at bevare og formidle historien om Fritidsforeningen og dens aktiviteter gennem \u00e5rene.<\/p>\n","protected":false},"author":1,"featured_media":0,"parent":0,"menu_order":0,"comment_status":"closed","ping_status":"closed","template":"","meta":{"ngg_post_thumbnail":0,"footnotes":""},"class_list":["post-562","page","type-page","status-publish","hentry"],"jetpack_sharing_enabled":true,"_links":{"self":[{"href":"http:\/\/www.fritidsforeningen.dk\/index.php?rest_route=\/wp\/v2\/pages\/562","targetHints":{"allow":["GET"]}}],"collection":[{"href":"http:\/\/www.fritidsforeningen.dk\/index.php?rest_route=\/wp\/v2\/pages"}],"about":[{"href":"http:\/\/www.fritidsforeningen.dk\/index.php?rest_route=\/wp\/v2\/types\/page"}],"author":[{"embeddable":true,"href":"http:\/\/www.fritidsforeningen.dk\/index.php?rest_route=\/wp\/v2\/users\/1"}],"replies":[{"embeddable":true,"href":"http:\/\/www.fritidsforeningen.dk\/index.php?rest_route=%2Fwp%2Fv2%2Fcomments&post=562"}],"version-history":[{"count":1,"href":"http:\/\/www.fritidsforeningen.dk\/index.php?rest_route=\/wp\/v2\/pages\/562\/revisions"}],"predecessor-version":[{"id":564,"href":"http:\/\/www.fritidsforeningen.dk\/index.php?rest_route=\/wp\/v2\/pages\/562\/revisions\/564"}],"wp:attachment":[{"href":"http:\/\/www.fritidsforeningen.dk\/index.php?rest_route=%2Fwp%2Fv2%2Fmedia&parent=562"}],"curies":[{"name":"wp","href":"https:\/\/api.w.org\/{rel}","templated":true}]}}