{"id":586,"date":"2025-10-20T09:04:59","date_gmt":"2025-10-20T07:04:59","guid":{"rendered":"http:\/\/www.fritidsforeningen.dk\/?page_id=586"},"modified":"2025-11-14T10:37:44","modified_gmt":"2025-11-14T09:37:44","slug":"groendalsvaenge-fra-vanloeses-marker-til-danmarks-stoerste-haveboligforening","status":"publish","type":"page","link":"http:\/\/www.fritidsforeningen.dk\/?page_id=586","title":{"rendered":"Gr\u00f8ndalsv\u00e6nge \u2013 Fra Vanl\u00f8ses marker til Danmarks st\u00f8rste haveboligforening"},"content":{"rendered":"\n<h1 class=\"wp-block-heading\"><\/h1>\n\n\n\n<p>Fra middelalderens Vanl\u00f8se til nutidens gr\u00f8nne oase ved Godth\u00e5bsvej sp\u00e6nder Gr\u00f8ndalsv\u00e6nges historie over otte \u00e5rhundreder. Det, der begyndte som agerjord under Roskilde bispestol, blev gennem reformer, byplanl\u00e6gning og social boligpolitik til Danmarks st\u00f8rste haveboligbebyggelse \u2013 et levende eksempel p\u00e5, hvordan idealer om lys, luft og f\u00e6llesskab kan formes i mursten.<\/p>\n\n\n\n<h2 class=\"wp-block-heading\">1186\u20131795 \u00b7 Vanl\u00f8ses marker<\/h2>\n\n\n\n<p>Vanl\u00f8se n\u00e6vnes f\u00f8rste gang i 1186, da biskop Absalon testamenterede omr\u00e5det til Roskilde bispestol. Omr\u00e5det bestod af landsbyjorder, opdyrket af b\u00f8nder i f\u00e6llesskab, indtil landboreformerne i slutningen af 1700-tallet \u00e6ndrede alt. I 1780 blev landsbyens 14 g\u00e5rdm\u00e6nd enige om udskiftningen: f\u00e6llesskabets vange og markstrimler blev afl\u00f8st af samlede jordlodder. I den forbindelse blev der anlagt en ny vej fra \u00c5lekistehuset i syd til Skjulh\u00f8j i nord \u2013 det nuv\u00e6rende \u00c5lekistevej.<\/p>\n\n\n\n<h2 class=\"wp-block-heading\">1795\u20131898 \u00b7 G\u00e5rde og gartnerier<\/h2>\n\n\n\n<p>Efter udflytningen opstod g\u00e5rde som Vanl\u00f8seh\u00f8j, Skjulg\u00e5rd, Kirkeg\u00e5rd, Byg\u00e5rden, Katrinedal, Hylteg\u00e5rd (senere Bogholderg\u00e5rden), Skr\u00e6derg\u00e5rden, S\u00f8g\u00e5rden, Thorupg\u00e5rd, Fossg\u00e5rden og Jochumsens g\u00e5rd. Gr\u00f8ndalsg\u00e5rden l\u00e5 d\u00e9r, hvor Gr\u00f8ndalsvej i dag l\u00f8ber ud i Godth\u00e5bsvej, og navnet \u201cGr\u00f8ndal\u201d henviser til dalen, hvor Gr\u00f8ndals\u00e5en l\u00f8ber mellem Lers\u00f8en og Damhuss\u00f8en. I 1795 k\u00f8bte hestehandler Lars Peder Jensen Wolff og hans hustru Christiane Margrethe Nielsen en del af ejendommen og opf\u00f8rte i 1803 en firl\u00e6nget g\u00e5rd med bindingsv\u00e6rk og tegltag. I slutningen af 1800-tallet blev de gamle landbrugsjorder gradvist omdannet til gartnerier; omkring 1900 fandtes der over 50 gartnerier i Vanl\u00f8se \u2013 en udvikling, der fortsatte indtil 1930.<\/p>\n\n\n\n<h2 class=\"wp-block-heading\">1898\u20131908 \u00b7 Kommunale opk\u00f8b og planl\u00e6gning<\/h2>\n\n\n\n<p>I 1890\u2019erne foruds\u00e5 K\u00f8benhavns politikere, at den hastigt voksende befolkning ville skabe behov for nye boliger. Under borgmester Borup begyndte kommunen at k\u00f8be store jordarealer uden for byen, herunder Hulg\u00e5rden og Fordresg\u00e5rden i 1898. I 1901\u20131902 blev Br\u00f8nsh\u00f8j, Vanl\u00f8se og Vigerslev indlemmet i K\u00f8benhavns Kommune \u2013 en beslutning, der tredoblede kommunens areal. I 1908\u201309 udskrev kommunen en international byplankonkurrence for de nyindlemmede omr\u00e5der. Konkurrencen blev vundet af den tyske stadsgeometer Carl Strinz, der foreslog et net af slyngede, romantiske veje i stedet for det stive gadem\u00f8nster fra brokvartererne. Selv om det var andenpr\u00e6mien \u2013 udarbejdet af den senere stadsingeni\u00f8r Aage Bjerre \u2013 der fik st\u00f8rst praktisk betydning, kom Strinz\u2019 id\u00e9er til at pr\u00e6ge udviklingen i omr\u00e5der som Gr\u00f8ndalsv\u00e6nge.<\/p>\n\n\n\n<h2 class=\"wp-block-heading\">1911\u20131928 \u00b7 Haveboligbev\u00e6gelsen og byggeriet<\/h2>\n\n\n\n<figure class=\"wp-block-image size-full\"><img decoding=\"async\" src=\"http:\/\/www.fritidsforeningen.dk\/wp-content\/uploads\/2025\/10\/Tegning-Forretningsbygningen.png\" alt=\"\" class=\"wp-image-628\"\/><\/figure>\n\n\n\n<p>Visionen om en ny boligform opstod som reaktion p\u00e5 den k\u00f8benhavnske boligkrise og de overbefolkede brokvarterer. Inspireret af den engelske byplanl\u00e6gger Ebenezer Howard og hans id\u00e9 om Garden Cities of To-Morrow stiftede sagf\u00f8rer F.C. Boldsen i 1912 Dansk Haveboligforening. Initiativet til Haveboligforeningen Gr\u00f8ndalsv\u00e6nge kom dog allerede i 1911 fra to journalister ved Social-Demokraten, Jens Tornum og H. Lundbeck, som \u00f8nskede at bygge billige, sunde boliger til arbejderfamilier. Det s\u00e6rlige ved Gr\u00f8ndalsv\u00e6nge var, at boligerne skulle ejes i f\u00e6llesskab gennem en forening \u2013 ikke af enkeltpersoner. Efter forhandlinger med K\u00f8benhavns Kommune fik man i 1914 adgang til et areal nord for <\/p>\n\n\n\n<figure class=\"wp-block-image size-large\"><img fetchpriority=\"high\" decoding=\"async\" width=\"633\" height=\"1024\" src=\"http:\/\/www.fritidsforeningen.dk\/wp-content\/uploads\/2025\/10\/holsoee-brev-633x1024.png\" alt=\"\" class=\"wp-image-627\" srcset=\"http:\/\/www.fritidsforeningen.dk\/wp-content\/uploads\/2025\/10\/holsoee-brev-633x1024.png 633w, http:\/\/www.fritidsforeningen.dk\/wp-content\/uploads\/2025\/10\/holsoee-brev-185x300.png 185w, http:\/\/www.fritidsforeningen.dk\/wp-content\/uploads\/2025\/10\/holsoee-brev-768x1242.png 768w, http:\/\/www.fritidsforeningen.dk\/wp-content\/uploads\/2025\/10\/holsoee-brev-949x1536.png 949w, http:\/\/www.fritidsforeningen.dk\/wp-content\/uploads\/2025\/10\/holsoee-brev-1266x2048.png 1266w, http:\/\/www.fritidsforeningen.dk\/wp-content\/uploads\/2025\/10\/holsoee-brev-scaled.png 1582w\" sizes=\"(max-width: 633px) 100vw, 633px\" \/><\/figure>\n\n\n\n<p>Gr\u00f8ndal\u00e5en. Til at tegne bebyggelsen blev udvalgt arkitekterne Poul Hols\u00f8e og Jesper Tvede, som arbejdede t\u00e6t sammen i disse \u00e5r. De skabte 15 forskellige hustyper i stilarten Bedre Byggeskik \u2013 en dansk fortolkning af nyklassicismen pr\u00e6get af kvalitet, enkelhed og gode materialer. Byggeriet foregik i fire etaper mellem 1915 og 1928. I alt blev der opf\u00f8rt omkring 389 huse \u2013 flere kilder n\u00e6vner op mod 390. De f\u00f8rste etaper bestod af enkelthuse, de senere af dobbelthuse. Alle huse fik r\u00f8de falstegn, hvidmalede stakitter, (i starten af 1979 fik man tilladelse til at kunne nedl\u00e6gge disse og ops\u00e6tte kn\u00e6kstens mur ) og sm\u00e5 haver p\u00e5 320\u2013600 m\u00b2. Vejene fik navne som \u00c6blevej, Hindb\u00e6rvej, Hyldeb\u00e6rvej, Mirabellevej, Morb\u00e6rvej og Vindruevej \u2013 en hyldest til natur og havebyens idealer.<\/p>\n\n\n\n<h2 class=\"wp-block-heading\">1930\u20131970 \u00b7 F\u00e6llesskab og stabilitet<\/h2>\n\n\n\n<p>I 1930 oprettede foreningen en social fond til st\u00f8tte for beboere i \u00f8konomisk n\u00f8d \u2013 et tidligt udtryk for den solidaritet, der kendetegner bebyggelsen. Gr\u00f8ndalsv\u00e6nge forblev en selvforvaltet haveboligforening frem til 1970, hvor den blev omdannet til Andelsboligforeningen Gr\u00f8ndalsv\u00e6nge. Denne \u00e6ndring fulgte en national udvikling, hvor mange \u00e6ldre boligforeninger blev moderniseret med klarere juridiske strukturer, men uden at miste f\u00e6llesskabsidealerne.<\/p>\n\n\n\n<h2 class=\"wp-block-heading\">1979\u2013nu \u00b7 Fritidsforening og levende f\u00e6llesskab<\/h2>\n\n\n\n<p>I slutningen af 1970\u2019erne opstod et \u00f8nske blandt beboerne om at styrke naboskabet og skabe sociale aktiviteter p\u00e5 tv\u00e6rs af generationer. Dette f\u00f8rte i 1979 til dannelsen af Gr\u00f8ndalsv\u00e6nge Fritidsforening, der fik til huse i lokalerne p\u00e5 Vindruevej 2B. Lokalerne blev indrettet til f\u00e6llesarrangementer og udlejning til private begivenheder som barned\u00e5b, konfirmation og bryllup. Fritidsforeningen blev hurtigt et vigtigt samlingspunkt for kvarteret, og mange af de traditioner, der kendetegner omr\u00e5det i dag, udspringer herfra. Foreningen ejer og vedligeholder to legepladser: Mirabellelegepladsen og \u00c6blelegepladsen, som fortsat bruges flittigt af kvarterets b\u00f8rn. Hvert \u00e5r afholdes fastelavn med t\u00f8ndeslagning, h\u00f8stfest med \u00e6blemost og fejring af den historiske retssag, som foreningen vandt mod K\u00f8benhavns Kommune i 2015. Disse arrangementer holder f\u00e6llesskabet levende og binder generationerne sammen.<\/p>\n\n\n\n<h2 class=\"wp-block-heading\">I dag<\/h2>\n\n\n\n<p>Gr\u00f8ndalsv\u00e6nge fremst\u00e5r stadig som en af Danmarks bedst bevarede havebybebyggelser og et levende monument over Bedre Byggeskik-bev\u00e6gelsen. De slyngede veje, frugtvejnavnene, de r\u00f8de tegltage og hvide stakitter danner en helhed, der udstr\u00e5ler b\u00e5de arkitektonisk harmoni og menneskelig skala. For mange familier er husene g\u00e5et i arv gennem generationer \u2013 ikke blot som ejendom, men som en del af familiens identitet og historie.<\/p>\n","protected":false},"excerpt":{"rendered":"<p>Fra middelalderens Vanl\u00f8se til nutidens gr\u00f8nne oase ved Godth\u00e5bsvej sp\u00e6nder Gr\u00f8ndalsv\u00e6nges historie over otte \u00e5rhundreder. Det, der begyndte som agerjord under Roskilde bispestol, blev gennem reformer, byplanl\u00e6gning og social boligpolitik til Danmarks st\u00f8rste haveboligbebyggelse \u2013 et levende eksempel p\u00e5, hvordan &hellip; <a href=\"http:\/\/www.fritidsforeningen.dk\/?page_id=586\">L\u00e6s resten <span class=\"meta-nav\">&rarr;<\/span><\/a><\/p>\n","protected":false},"author":1,"featured_media":0,"parent":0,"menu_order":0,"comment_status":"closed","ping_status":"closed","template":"","meta":{"ngg_post_thumbnail":0,"footnotes":""},"class_list":["post-586","page","type-page","status-publish","hentry"],"jetpack_sharing_enabled":true,"_links":{"self":[{"href":"http:\/\/www.fritidsforeningen.dk\/index.php?rest_route=\/wp\/v2\/pages\/586","targetHints":{"allow":["GET"]}}],"collection":[{"href":"http:\/\/www.fritidsforeningen.dk\/index.php?rest_route=\/wp\/v2\/pages"}],"about":[{"href":"http:\/\/www.fritidsforeningen.dk\/index.php?rest_route=\/wp\/v2\/types\/page"}],"author":[{"embeddable":true,"href":"http:\/\/www.fritidsforeningen.dk\/index.php?rest_route=\/wp\/v2\/users\/1"}],"replies":[{"embeddable":true,"href":"http:\/\/www.fritidsforeningen.dk\/index.php?rest_route=%2Fwp%2Fv2%2Fcomments&post=586"}],"version-history":[{"count":4,"href":"http:\/\/www.fritidsforeningen.dk\/index.php?rest_route=\/wp\/v2\/pages\/586\/revisions"}],"predecessor-version":[{"id":666,"href":"http:\/\/www.fritidsforeningen.dk\/index.php?rest_route=\/wp\/v2\/pages\/586\/revisions\/666"}],"wp:attachment":[{"href":"http:\/\/www.fritidsforeningen.dk\/index.php?rest_route=%2Fwp%2Fv2%2Fmedia&parent=586"}],"curies":[{"name":"wp","href":"https:\/\/api.w.org\/{rel}","templated":true}]}}