{"id":690,"date":"2025-11-17T11:50:04","date_gmt":"2025-11-17T10:50:04","guid":{"rendered":"http:\/\/www.fritidsforeningen.dk\/?page_id=690"},"modified":"2025-11-17T11:53:23","modified_gmt":"2025-11-17T10:53:23","slug":"danmarks-staerkeste-jazz-slaegt","status":"publish","type":"page","link":"http:\/\/www.fritidsforeningen.dk\/?page_id=690","title":{"rendered":"Jazzens stilf\u00e6rdige mester"},"content":{"rendered":"\n<h1 class=\"wp-block-heading has-medium-font-size\">William Schi\u00f8pffe <\/h1>\n\n\n\n<p>Trommeslageren&nbsp;<strong>William Schi\u00f8pffe (1926-1981)<\/strong>&nbsp;h\u00f8rer til blandt de musikere, der sj\u00e6ldent satte sig selv i centrum, men som fik alle omkring sig til at lyde bedre. Hans drive var dybt og stabilt, en rolig puls der bar b\u00e5de solister og orkestre frem. I 1950\u2019erne og begyndelsen&nbsp;af 60\u2019erne blev han regnet for en af Danmarks vigtigste jazz-trommeslagere.<\/p>\n\n\n\n<p>Pianisten Jan Kaspersen formulerede det engang s\u00e5dan:<\/p>\n\n\n\n<blockquote class=\"wp-block-quote is-layout-flow wp-block-quote-is-layout-flow\">\n<p>\u201cEngang s\u00e5 jeg trommeslageren William Schi\u00f8pffe, denne store mand med h\u00e6ngeposer under \u00f8jnene, der sad og\u00a0spillede et stort rideb\u00e6kken. Det kan man ikke l\u00e6se sig til \u2013 det skal erfares.\u201d<\/p>\n<\/blockquote>\n\n\n\n<h3 class=\"wp-block-heading\"><strong>En barndom i Syd\u00f8stasien<\/strong><\/h3>\n\n\n\n<p>Schi\u00f8pffes historie begynder langt fra K\u00f8benhavn.<br>Han blev f\u00f8dt i\u00a0<strong>Bangkok i 1926<\/strong>, mens hans danske for\u00e6ldre bestyrede en stor gummiplantage i det dav\u00e6rende Malaysia. Familien rejste mellem plantagen og de st\u00f8rre handelsbyer i regionen, og Bangkok var det naturlige sted at f\u00f8de, med hospitaler, konsulater\u00a0og adgang til europ\u00e6isk l\u00e6gehj\u00e6lp.<\/p>\n\n\n\n<p>I&nbsp;<strong>1934<\/strong>&nbsp;blev William, otte \u00e5r gammel, sendt til Danmark for at g\u00e5 i skole. Her voksede han op i et milj\u00f8, hvor jazzen allerede havde f\u00e5et fodf\u00e6ste. Han blev ven med&nbsp;<strong>Max Br\u00fcel<\/strong>, hvis hjem blev en af indgangene til den rytmiske musik.<\/p>\n\n\n\n<h3 class=\"wp-block-heading\"><strong>Den k\u00f8benhavnske jazzscene<\/strong><\/h3>\n\n\n\n<p>I 1940\u2019erne og 50\u2019erne gik Schi\u00f8pffe m\u00e5lrettet ind i musikken. Han lyttede til Leo Mathisen, Niels Foss og de&nbsp;f\u00f8rste amerikanske solister, der g\u00e6stede K\u00f8benhavn. I 1947 blev han professionel og gik ind i&nbsp;<strong>Jonny Campbells orkester<\/strong>, hvor han blev i fem \u00e5r.<\/p>\n\n\n\n<p>Fra 1950\u2019erne og ind i 60\u2019erne spillede han med en lang r\u00e6kke markante musikere:<\/p>\n\n\n\n<ul class=\"wp-block-list\">\n<li>J\u00f8rgen Ryg<\/li>\n\n\n\n<li>Max Br\u00fcel<\/li>\n\n\n\n<li>Erik Moseholm<\/li>\n\n\n\n<li>Atli Bj\u00f8rn<\/li>\n\n\n\n<li>Arne Domnerus<\/li>\n\n\n\n<li>Lars Gullin<\/li>\n\n\n\n<li>Rolf Billberg<\/li>\n\n\n\n<li>Monica Zetterlund<\/li>\n\n\n\n<li>Stan Getz<\/li>\n\n\n\n<li>Lucky Thompson<\/li>\n\n\n\n<li>Brew Moore<\/li>\n\n\n\n<li>Bud Powell<\/li>\n<\/ul>\n\n\n\n<p>I 1957 blev han som den f\u00f8rste udn\u00e6vnt til\u00a0<strong>\u201c\u00c5rets danske jazzmusiker\u201d<\/strong>\u00a0af Jazzkredsen.<br>Hans trommespil kan i dag h\u00f8res p\u00e5 en lang r\u00e6kke indspilninger, blandt andet\u00a0<strong>Bud Powell in Copenhagen<\/strong>,\u00a0<strong>Stan Getz in Sweden<\/strong>\u00a0og\u00a0<strong>Erik Moseholms Radiojazzgruppen<\/strong>.<\/p>\n\n\n\n<figure class=\"wp-block-image size-large\"><img fetchpriority=\"high\" decoding=\"async\" width=\"1024\" height=\"577\" src=\"http:\/\/www.fritidsforeningen.dk\/wp-content\/uploads\/2025\/11\/Vaersgo-og-kig-1966-DR-1024x577.png\" alt=\"\" class=\"wp-image-707\" srcset=\"http:\/\/www.fritidsforeningen.dk\/wp-content\/uploads\/2025\/11\/Vaersgo-og-kig-1966-DR-1024x577.png 1024w, http:\/\/www.fritidsforeningen.dk\/wp-content\/uploads\/2025\/11\/Vaersgo-og-kig-1966-DR-300x169.png 300w, http:\/\/www.fritidsforeningen.dk\/wp-content\/uploads\/2025\/11\/Vaersgo-og-kig-1966-DR-768x433.png 768w, http:\/\/www.fritidsforeningen.dk\/wp-content\/uploads\/2025\/11\/Vaersgo-og-kig-1966-DR-1536x866.png 1536w, http:\/\/www.fritidsforeningen.dk\/wp-content\/uploads\/2025\/11\/Vaersgo-og-kig-1966-DR-2048x1155.png 2048w\" sizes=\"(max-width: 1024px) 100vw, 1024px\" \/><figcaption class=\"wp-element-caption\">William Schi\u00f8pffe ved trommerne &#8220;V\u00e6rs&#8217;go og kig &#8221; (1966) Foto:DR<\/figcaption><\/figure>\n\n\n\n<h3 class=\"wp-block-heading\"><strong>Sygdom og stilhed<\/strong><\/h3>\n\n\n\n<p>I anden halvdel af 1960\u2019erne blev han ramt af sygdom og m\u00e5tte trappe sit virke ned. Han d\u00f8de i&nbsp;<strong>1981<\/strong>, kun 54 \u00e5r gammel. Hans efterm\u00e6le er ikke det h\u00f8jr\u00f8stede, men kolleger og musikere taler stadig om ham som en af de mest solide, lyttende og musikalske trommeslagere i dansk jazzhistorie.<\/p>\n\n\n\n<h3 class=\"wp-block-heading\"><strong>Forbindelsen til Gr\u00f8ndalsv\u00e6nge<\/strong><\/h3>\n\n\n\n<p>Schi\u00f8pffe-familiens spor forsvinder ikke med Williams d\u00f8d.<\/p>\n\n\n\n<p>Hans s\u00f8n,\u00a0<strong>trommeslageren Jan Schi\u00f8pffe<\/strong>, voksede op i musikken og blev selv et markant navn i dansk jazz. Jan har stadig adresse i omr\u00e5det omkring\u00a0<strong>\u00c6blevej<\/strong>, i Gr\u00f8ndalsv\u00e6nge. For beboere, der har boet her siden 1980\u2019erne og 90\u2019erne, er Jan ofte blevet omtalt som \u201c<em>trommeslageren p\u00e5 \u00c6blevej<\/em>\u201d.<\/p>\n\n\n\n<p>Dermed har kvarteret, m\u00e5ske uden helt at vide det \u2013 haft en direkte forbindelse til en af Danmarks st\u00e6rkeste\u00a0jazz-sl\u00e6gter. Historien om William Schi\u00f8pffes liv, fra gummiplantagen i Malaysia til K\u00f8benhavns klubber, forts\u00e6tter i sin egen stille rytme gennem s\u00f8nnen og gennem de optagelser, der stadig spilles den dag i dag.<\/p>\n\n\n\n<p><\/p>\n","protected":false},"excerpt":{"rendered":"<p>William Schi\u00f8pffe Trommeslageren&nbsp;William Schi\u00f8pffe (1926-1981)&nbsp;h\u00f8rer til blandt de musikere, der sj\u00e6ldent satte sig selv i centrum, men som fik alle omkring sig til at lyde bedre. Hans drive var dybt og stabilt, en rolig puls der bar b\u00e5de solister og &hellip; <a href=\"http:\/\/www.fritidsforeningen.dk\/?page_id=690\">L\u00e6s resten <span class=\"meta-nav\">&rarr;<\/span><\/a><\/p>\n","protected":false},"author":1,"featured_media":0,"parent":0,"menu_order":0,"comment_status":"closed","ping_status":"closed","template":"","meta":{"ngg_post_thumbnail":0,"footnotes":""},"class_list":["post-690","page","type-page","status-publish","hentry"],"jetpack_sharing_enabled":true,"_links":{"self":[{"href":"http:\/\/www.fritidsforeningen.dk\/index.php?rest_route=\/wp\/v2\/pages\/690","targetHints":{"allow":["GET"]}}],"collection":[{"href":"http:\/\/www.fritidsforeningen.dk\/index.php?rest_route=\/wp\/v2\/pages"}],"about":[{"href":"http:\/\/www.fritidsforeningen.dk\/index.php?rest_route=\/wp\/v2\/types\/page"}],"author":[{"embeddable":true,"href":"http:\/\/www.fritidsforeningen.dk\/index.php?rest_route=\/wp\/v2\/users\/1"}],"replies":[{"embeddable":true,"href":"http:\/\/www.fritidsforeningen.dk\/index.php?rest_route=%2Fwp%2Fv2%2Fcomments&post=690"}],"version-history":[{"count":5,"href":"http:\/\/www.fritidsforeningen.dk\/index.php?rest_route=\/wp\/v2\/pages\/690\/revisions"}],"predecessor-version":[{"id":712,"href":"http:\/\/www.fritidsforeningen.dk\/index.php?rest_route=\/wp\/v2\/pages\/690\/revisions\/712"}],"wp:attachment":[{"href":"http:\/\/www.fritidsforeningen.dk\/index.php?rest_route=%2Fwp%2Fv2%2Fmedia&parent=690"}],"curies":[{"name":"wp","href":"https:\/\/api.w.org\/{rel}","templated":true}]}}